{"id":488,"date":"2024-08-01T10:14:48","date_gmt":"2024-08-01T10:14:48","guid":{"rendered":"https:\/\/yul.ceo\/success-stories\/"},"modified":"2024-10-22T12:19:41","modified_gmt":"2024-10-22T12:19:41","slug":"success-stories","status":"publish","type":"page","link":"https:\/\/yul.ceo\/fr\/success-stories\/","title":{"rendered":"Success stories"},"content":{"rendered":"","protected":false},"excerpt":{"rendered":"","protected":false},"author":1,"featured_media":0,"parent":0,"menu_order":4,"comment_status":"closed","ping_status":"closed","template":"template-testimonials.blade.php","meta":{"_acf_changed":false,"footnotes":""},"class_list":["post-488","page","type-page","status-publish","hentry"],"acf":[],"yoast_head":"<!-- This site is optimized with the Yoast SEO plugin v27.3 - https:\/\/yoast.com\/product\/yoast-seo-wordpress\/ -->\n<title>T\u00e9moignages et R\u00e9ussites | Yul, Coaching personnalis\u00e9<\/title>\n<meta name=\"description\" content=\"D\u00e9couvrez les histoires de r\u00e9ussite de nos clients. Apprenez comment le coaching personnalis\u00e9 de Yul a transform\u00e9 leur leadership.\" \/>\n<meta name=\"robots\" content=\"index, follow, max-snippet:-1, max-image-preview:large, max-video-preview:-1\" \/>\n<link rel=\"canonical\" href=\"https:\/\/yul.ceo\/fr\/success-stories\/\" \/>\n<meta property=\"og:locale\" content=\"fr_FR\" \/>\n<meta property=\"og:type\" content=\"article\" \/>\n<meta property=\"og:title\" content=\"T\u00e9moignages et R\u00e9ussites | Yul, Coaching personnalis\u00e9\" \/>\n<meta property=\"og:description\" content=\"D\u00e9couvrez les histoires de r\u00e9ussite de nos clients. Apprenez comment le coaching personnalis\u00e9 de Yul a transform\u00e9 leur leadership.\" \/>\n<meta property=\"og:url\" content=\"https:\/\/yul.ceo\/fr\/success-stories\/\" \/>\n<meta property=\"og:site_name\" content=\"Yul\" \/>\n<meta property=\"article:modified_time\" content=\"2024-10-22T12:19:41+00:00\" \/>\n<meta name=\"twitter:card\" content=\"summary_large_image\" \/>\n<meta name=\"twitter:label1\" content=\"Dur\u00e9e de lecture est.\" \/>\n\t<meta name=\"twitter:data1\" content=\"1 minute\" \/>\n<script type=\"application\/ld+json\" class=\"yoast-schema-graph\">{\"@context\":\"https:\\\/\\\/schema.org\",\"@graph\":[{\"@type\":\"WebPage\",\"@id\":\"https:\\\/\\\/yul.ceo\\\/fr\\\/success-stories\\\/\",\"url\":\"https:\\\/\\\/yul.ceo\\\/fr\\\/success-stories\\\/\",\"name\":\"T\u00e9moignages et R\u00e9ussites | Yul, Coaching personnalis\u00e9\",\"isPartOf\":{\"@id\":\"https:\\\/\\\/yul.ceo\\\/fr\\\/#website\"},\"datePublished\":\"2024-08-01T10:14:48+00:00\",\"dateModified\":\"2024-10-22T12:19:41+00:00\",\"description\":\"D\u00e9couvrez les histoires de r\u00e9ussite de nos clients. Apprenez comment le coaching personnalis\u00e9 de Yul a transform\u00e9 leur leadership.\",\"breadcrumb\":{\"@id\":\"https:\\\/\\\/yul.ceo\\\/fr\\\/success-stories\\\/#breadcrumb\"},\"inLanguage\":\"fr-BE\",\"potentialAction\":[{\"@type\":\"ReadAction\",\"target\":[\"https:\\\/\\\/yul.ceo\\\/fr\\\/success-stories\\\/\"]}]},{\"@type\":\"BreadcrumbList\",\"@id\":\"https:\\\/\\\/yul.ceo\\\/fr\\\/success-stories\\\/#breadcrumb\",\"itemListElement\":[{\"@type\":\"ListItem\",\"position\":1,\"name\":\"Home\",\"item\":\"https:\\\/\\\/yul.ceo\\\/fr\\\/\"},{\"@type\":\"ListItem\",\"position\":2,\"name\":\"Success stories\"}]},{\"@type\":\"WebSite\",\"@id\":\"https:\\\/\\\/yul.ceo\\\/fr\\\/#website\",\"url\":\"https:\\\/\\\/yul.ceo\\\/fr\\\/\",\"name\":\"Yul\",\"description\":\"Unlock Your Potential - Personalized Coaching &amp; Training\",\"potentialAction\":[{\"@type\":\"SearchAction\",\"target\":{\"@type\":\"EntryPoint\",\"urlTemplate\":\"https:\\\/\\\/yul.ceo\\\/fr\\\/?s={search_term_string}\"},\"query-input\":{\"@type\":\"PropertyValueSpecification\",\"valueRequired\":true,\"valueName\":\"search_term_string\"}}],\"inLanguage\":\"fr-BE\"}]}<\/script>\n<!-- \/ Yoast SEO plugin. -->","yoast_head_json":{"title":"T\u00e9moignages et R\u00e9ussites | Yul, Coaching personnalis\u00e9","description":"D\u00e9couvrez les histoires de r\u00e9ussite de nos clients. Apprenez comment le coaching personnalis\u00e9 de Yul a transform\u00e9 leur leadership.","robots":{"index":"index","follow":"follow","max-snippet":"max-snippet:-1","max-image-preview":"max-image-preview:large","max-video-preview":"max-video-preview:-1"},"canonical":"https:\/\/yul.ceo\/fr\/success-stories\/","og_locale":"fr_FR","og_type":"article","og_title":"T\u00e9moignages et R\u00e9ussites | Yul, Coaching personnalis\u00e9","og_description":"D\u00e9couvrez les histoires de r\u00e9ussite de nos clients. Apprenez comment le coaching personnalis\u00e9 de Yul a transform\u00e9 leur leadership.","og_url":"https:\/\/yul.ceo\/fr\/success-stories\/","og_site_name":"Yul","article_modified_time":"2024-10-22T12:19:41+00:00","twitter_card":"summary_large_image","twitter_misc":{"Dur\u00e9e de lecture est.":"1 minute"},"schema":{"@context":"https:\/\/schema.org","@graph":[{"@type":"WebPage","@id":"https:\/\/yul.ceo\/fr\/success-stories\/","url":"https:\/\/yul.ceo\/fr\/success-stories\/","name":"T\u00e9moignages et R\u00e9ussites | Yul, Coaching personnalis\u00e9","isPartOf":{"@id":"https:\/\/yul.ceo\/fr\/#website"},"datePublished":"2024-08-01T10:14:48+00:00","dateModified":"2024-10-22T12:19:41+00:00","description":"D\u00e9couvrez les histoires de r\u00e9ussite de nos clients. Apprenez comment le coaching personnalis\u00e9 de Yul a transform\u00e9 leur leadership.","breadcrumb":{"@id":"https:\/\/yul.ceo\/fr\/success-stories\/#breadcrumb"},"inLanguage":"fr-BE","potentialAction":[{"@type":"ReadAction","target":["https:\/\/yul.ceo\/fr\/success-stories\/"]}]},{"@type":"BreadcrumbList","@id":"https:\/\/yul.ceo\/fr\/success-stories\/#breadcrumb","itemListElement":[{"@type":"ListItem","position":1,"name":"Home","item":"https:\/\/yul.ceo\/fr\/"},{"@type":"ListItem","position":2,"name":"Success stories"}]},{"@type":"WebSite","@id":"https:\/\/yul.ceo\/fr\/#website","url":"https:\/\/yul.ceo\/fr\/","name":"Yul","description":"Unlock Your Potential - Personalized Coaching &amp; Training","potentialAction":[{"@type":"SearchAction","target":{"@type":"EntryPoint","urlTemplate":"https:\/\/yul.ceo\/fr\/?s={search_term_string}"},"query-input":{"@type":"PropertyValueSpecification","valueRequired":true,"valueName":"search_term_string"}}],"inLanguage":"fr-BE"}]}},"_links":{"self":[{"href":"https:\/\/yul.ceo\/fr\/wp-json\/wp\/v2\/pages\/488","targetHints":{"allow":["GET"]}}],"collection":[{"href":"https:\/\/yul.ceo\/fr\/wp-json\/wp\/v2\/pages"}],"about":[{"href":"https:\/\/yul.ceo\/fr\/wp-json\/wp\/v2\/types\/page"}],"author":[{"embeddable":true,"href":"https:\/\/yul.ceo\/fr\/wp-json\/wp\/v2\/users\/1"}],"replies":[{"embeddable":true,"href":"https:\/\/yul.ceo\/fr\/wp-json\/wp\/v2\/comments?post=488"}],"version-history":[{"count":0,"href":"https:\/\/yul.ceo\/fr\/wp-json\/wp\/v2\/pages\/488\/revisions"}],"wp:attachment":[{"href":"https:\/\/yul.ceo\/fr\/wp-json\/wp\/v2\/media?parent=488"}],"curies":[{"name":"wp","href":"https:\/\/api.w.org\/{rel}","templated":true}]}}