{"id":517,"date":"2024-09-23T13:49:30","date_gmt":"2024-09-23T13:49:30","guid":{"rendered":"https:\/\/yul.ceo\/terms-and-conditions\/"},"modified":"2024-10-23T05:44:20","modified_gmt":"2024-10-23T05:44:20","slug":"conditions-generales","status":"publish","type":"page","link":"https:\/\/yul.ceo\/fr\/conditions-generales\/","title":{"rendered":"Conditions g\u00e9n\u00e9rales"},"content":{"rendered":"","protected":false},"excerpt":{"rendered":"","protected":false},"author":4,"featured_media":0,"parent":0,"menu_order":0,"comment_status":"closed","ping_status":"closed","template":"","meta":{"_acf_changed":false,"footnotes":""},"class_list":["post-517","page","type-page","status-publish","hentry"],"acf":[],"yoast_head":"<!-- This site is optimized with the Yoast SEO plugin v27.3 - https:\/\/yoast.com\/product\/yoast-seo-wordpress\/ -->\n<title>Conditions g\u00e9n\u00e9rales | Yul, Coaching personnalis\u00e9 pour CEO<\/title>\n<meta name=\"description\" content=\"Lisez les conditions g\u00e9n\u00e9rales de Yul pour comprendre les directives concernant nos services de coaching personnalis\u00e9 pour PDG.\" \/>\n<meta name=\"robots\" content=\"index, follow, max-snippet:-1, max-image-preview:large, max-video-preview:-1\" \/>\n<link rel=\"canonical\" href=\"https:\/\/yul.ceo\/fr\/conditions-generales\/\" \/>\n<meta property=\"og:locale\" content=\"fr_FR\" \/>\n<meta property=\"og:type\" content=\"article\" \/>\n<meta property=\"og:title\" content=\"Conditions g\u00e9n\u00e9rales | Yul, Coaching personnalis\u00e9 pour CEO\" \/>\n<meta property=\"og:description\" content=\"Lisez les conditions g\u00e9n\u00e9rales de Yul pour comprendre les directives concernant nos services de coaching personnalis\u00e9 pour PDG.\" \/>\n<meta property=\"og:url\" content=\"https:\/\/yul.ceo\/fr\/conditions-generales\/\" \/>\n<meta property=\"og:site_name\" content=\"Yul\" \/>\n<meta property=\"article:modified_time\" content=\"2024-10-23T05:44:20+00:00\" \/>\n<meta name=\"twitter:card\" content=\"summary_large_image\" \/>\n<meta name=\"twitter:label1\" content=\"Dur\u00e9e de lecture est.\" \/>\n\t<meta name=\"twitter:data1\" content=\"6 minutes\" \/>\n<script type=\"application\/ld+json\" class=\"yoast-schema-graph\">{\"@context\":\"https:\\\/\\\/schema.org\",\"@graph\":[{\"@type\":\"WebPage\",\"@id\":\"https:\\\/\\\/yul.ceo\\\/fr\\\/conditions-generales\\\/\",\"url\":\"https:\\\/\\\/yul.ceo\\\/fr\\\/conditions-generales\\\/\",\"name\":\"Conditions g\u00e9n\u00e9rales | Yul, Coaching personnalis\u00e9 pour CEO\",\"isPartOf\":{\"@id\":\"https:\\\/\\\/yul.ceo\\\/fr\\\/#website\"},\"datePublished\":\"2024-09-23T13:49:30+00:00\",\"dateModified\":\"2024-10-23T05:44:20+00:00\",\"description\":\"Lisez les conditions g\u00e9n\u00e9rales de Yul pour comprendre les directives concernant nos services de coaching personnalis\u00e9 pour PDG.\",\"breadcrumb\":{\"@id\":\"https:\\\/\\\/yul.ceo\\\/fr\\\/conditions-generales\\\/#breadcrumb\"},\"inLanguage\":\"fr-BE\",\"potentialAction\":[{\"@type\":\"ReadAction\",\"target\":[\"https:\\\/\\\/yul.ceo\\\/fr\\\/conditions-generales\\\/\"]}]},{\"@type\":\"BreadcrumbList\",\"@id\":\"https:\\\/\\\/yul.ceo\\\/fr\\\/conditions-generales\\\/#breadcrumb\",\"itemListElement\":[{\"@type\":\"ListItem\",\"position\":1,\"name\":\"Home\",\"item\":\"https:\\\/\\\/yul.ceo\\\/fr\\\/\"},{\"@type\":\"ListItem\",\"position\":2,\"name\":\"Conditions g\u00e9n\u00e9rales\"}]},{\"@type\":\"WebSite\",\"@id\":\"https:\\\/\\\/yul.ceo\\\/fr\\\/#website\",\"url\":\"https:\\\/\\\/yul.ceo\\\/fr\\\/\",\"name\":\"Yul\",\"description\":\"Unlock Your Potential - Personalized Coaching &amp; Training\",\"potentialAction\":[{\"@type\":\"SearchAction\",\"target\":{\"@type\":\"EntryPoint\",\"urlTemplate\":\"https:\\\/\\\/yul.ceo\\\/fr\\\/?s={search_term_string}\"},\"query-input\":{\"@type\":\"PropertyValueSpecification\",\"valueRequired\":true,\"valueName\":\"search_term_string\"}}],\"inLanguage\":\"fr-BE\"}]}<\/script>\n<!-- \/ Yoast SEO plugin. -->","yoast_head_json":{"title":"Conditions g\u00e9n\u00e9rales | Yul, Coaching personnalis\u00e9 pour CEO","description":"Lisez les conditions g\u00e9n\u00e9rales de Yul pour comprendre les directives concernant nos services de coaching personnalis\u00e9 pour PDG.","robots":{"index":"index","follow":"follow","max-snippet":"max-snippet:-1","max-image-preview":"max-image-preview:large","max-video-preview":"max-video-preview:-1"},"canonical":"https:\/\/yul.ceo\/fr\/conditions-generales\/","og_locale":"fr_FR","og_type":"article","og_title":"Conditions g\u00e9n\u00e9rales | Yul, Coaching personnalis\u00e9 pour CEO","og_description":"Lisez les conditions g\u00e9n\u00e9rales de Yul pour comprendre les directives concernant nos services de coaching personnalis\u00e9 pour PDG.","og_url":"https:\/\/yul.ceo\/fr\/conditions-generales\/","og_site_name":"Yul","article_modified_time":"2024-10-23T05:44:20+00:00","twitter_card":"summary_large_image","twitter_misc":{"Dur\u00e9e de lecture est.":"6 minutes"},"schema":{"@context":"https:\/\/schema.org","@graph":[{"@type":"WebPage","@id":"https:\/\/yul.ceo\/fr\/conditions-generales\/","url":"https:\/\/yul.ceo\/fr\/conditions-generales\/","name":"Conditions g\u00e9n\u00e9rales | Yul, Coaching personnalis\u00e9 pour CEO","isPartOf":{"@id":"https:\/\/yul.ceo\/fr\/#website"},"datePublished":"2024-09-23T13:49:30+00:00","dateModified":"2024-10-23T05:44:20+00:00","description":"Lisez les conditions g\u00e9n\u00e9rales de Yul pour comprendre les directives concernant nos services de coaching personnalis\u00e9 pour PDG.","breadcrumb":{"@id":"https:\/\/yul.ceo\/fr\/conditions-generales\/#breadcrumb"},"inLanguage":"fr-BE","potentialAction":[{"@type":"ReadAction","target":["https:\/\/yul.ceo\/fr\/conditions-generales\/"]}]},{"@type":"BreadcrumbList","@id":"https:\/\/yul.ceo\/fr\/conditions-generales\/#breadcrumb","itemListElement":[{"@type":"ListItem","position":1,"name":"Home","item":"https:\/\/yul.ceo\/fr\/"},{"@type":"ListItem","position":2,"name":"Conditions g\u00e9n\u00e9rales"}]},{"@type":"WebSite","@id":"https:\/\/yul.ceo\/fr\/#website","url":"https:\/\/yul.ceo\/fr\/","name":"Yul","description":"Unlock Your Potential - Personalized Coaching &amp; Training","potentialAction":[{"@type":"SearchAction","target":{"@type":"EntryPoint","urlTemplate":"https:\/\/yul.ceo\/fr\/?s={search_term_string}"},"query-input":{"@type":"PropertyValueSpecification","valueRequired":true,"valueName":"search_term_string"}}],"inLanguage":"fr-BE"}]}},"_links":{"self":[{"href":"https:\/\/yul.ceo\/fr\/wp-json\/wp\/v2\/pages\/517","targetHints":{"allow":["GET"]}}],"collection":[{"href":"https:\/\/yul.ceo\/fr\/wp-json\/wp\/v2\/pages"}],"about":[{"href":"https:\/\/yul.ceo\/fr\/wp-json\/wp\/v2\/types\/page"}],"author":[{"embeddable":true,"href":"https:\/\/yul.ceo\/fr\/wp-json\/wp\/v2\/users\/4"}],"replies":[{"embeddable":true,"href":"https:\/\/yul.ceo\/fr\/wp-json\/wp\/v2\/comments?post=517"}],"version-history":[{"count":0,"href":"https:\/\/yul.ceo\/fr\/wp-json\/wp\/v2\/pages\/517\/revisions"}],"wp:attachment":[{"href":"https:\/\/yul.ceo\/fr\/wp-json\/wp\/v2\/media?parent=517"}],"curies":[{"name":"wp","href":"https:\/\/api.w.org\/{rel}","templated":true}]}}