{"id":516,"date":"2024-09-23T13:49:30","date_gmt":"2024-09-23T13:49:30","guid":{"rendered":"https:\/\/yul.ceo\/terms-and-conditions\/"},"modified":"2024-10-22T12:44:19","modified_gmt":"2024-10-22T12:44:19","slug":"algemene-voorwaarden","status":"publish","type":"page","link":"https:\/\/yul.ceo\/nl\/algemene-voorwaarden\/","title":{"rendered":"Algemene voorwaarden"},"content":{"rendered":"","protected":false},"excerpt":{"rendered":"","protected":false},"author":4,"featured_media":0,"parent":0,"menu_order":0,"comment_status":"closed","ping_status":"closed","template":"","meta":{"_acf_changed":false,"footnotes":""},"class_list":["post-516","page","type-page","status-publish","hentry"],"acf":[],"yoast_head":"<!-- This site is optimized with the Yoast SEO plugin v27.3 - https:\/\/yoast.com\/product\/yoast-seo-wordpress\/ -->\n<title>Algemene voorwaarden | Yul, Op maat coaching voor CEO&#039;s<\/title>\n<meta name=\"description\" content=\"Lees de algemene voorwaarden van Yul om de richtlijnen voor het gebruik van onze \u00e9\u00e9n-op-\u00e9\u00e9n leiderschapscoachingdiensten te begrijpen.\" \/>\n<meta name=\"robots\" content=\"index, follow, max-snippet:-1, max-image-preview:large, max-video-preview:-1\" \/>\n<link rel=\"canonical\" href=\"https:\/\/yul.ceo\/nl\/algemene-voorwaarden\/\" \/>\n<meta property=\"og:locale\" content=\"nl_BE\" \/>\n<meta property=\"og:type\" content=\"article\" \/>\n<meta property=\"og:title\" content=\"Algemene voorwaarden | Yul, Op maat coaching voor CEO&#039;s\" \/>\n<meta property=\"og:description\" content=\"Lees de algemene voorwaarden van Yul om de richtlijnen voor het gebruik van onze \u00e9\u00e9n-op-\u00e9\u00e9n leiderschapscoachingdiensten te begrijpen.\" \/>\n<meta property=\"og:url\" content=\"https:\/\/yul.ceo\/nl\/algemene-voorwaarden\/\" \/>\n<meta property=\"og:site_name\" content=\"Yul\" \/>\n<meta property=\"article:modified_time\" content=\"2024-10-22T12:44:19+00:00\" \/>\n<meta name=\"twitter:card\" content=\"summary_large_image\" \/>\n<meta name=\"twitter:label1\" content=\"Geschatte leestijd\" \/>\n\t<meta name=\"twitter:data1\" content=\"6 minuten\" \/>\n<script type=\"application\/ld+json\" class=\"yoast-schema-graph\">{\"@context\":\"https:\\\/\\\/schema.org\",\"@graph\":[{\"@type\":\"WebPage\",\"@id\":\"https:\\\/\\\/yul.ceo\\\/nl\\\/algemene-voorwaarden\\\/\",\"url\":\"https:\\\/\\\/yul.ceo\\\/nl\\\/algemene-voorwaarden\\\/\",\"name\":\"Algemene voorwaarden | Yul, Op maat coaching voor CEO's\",\"isPartOf\":{\"@id\":\"https:\\\/\\\/yul.ceo\\\/nl\\\/#website\"},\"datePublished\":\"2024-09-23T13:49:30+00:00\",\"dateModified\":\"2024-10-22T12:44:19+00:00\",\"description\":\"Lees de algemene voorwaarden van Yul om de richtlijnen voor het gebruik van onze \u00e9\u00e9n-op-\u00e9\u00e9n leiderschapscoachingdiensten te begrijpen.\",\"breadcrumb\":{\"@id\":\"https:\\\/\\\/yul.ceo\\\/nl\\\/algemene-voorwaarden\\\/#breadcrumb\"},\"inLanguage\":\"nl-BE\",\"potentialAction\":[{\"@type\":\"ReadAction\",\"target\":[\"https:\\\/\\\/yul.ceo\\\/nl\\\/algemene-voorwaarden\\\/\"]}]},{\"@type\":\"BreadcrumbList\",\"@id\":\"https:\\\/\\\/yul.ceo\\\/nl\\\/algemene-voorwaarden\\\/#breadcrumb\",\"itemListElement\":[{\"@type\":\"ListItem\",\"position\":1,\"name\":\"Home\",\"item\":\"https:\\\/\\\/yul.ceo\\\/nl\\\/\"},{\"@type\":\"ListItem\",\"position\":2,\"name\":\"Algemene voorwaarden\"}]},{\"@type\":\"WebSite\",\"@id\":\"https:\\\/\\\/yul.ceo\\\/nl\\\/#website\",\"url\":\"https:\\\/\\\/yul.ceo\\\/nl\\\/\",\"name\":\"Yul\",\"description\":\"Unlock Your Potential - Personalized Coaching &amp; Training\",\"potentialAction\":[{\"@type\":\"SearchAction\",\"target\":{\"@type\":\"EntryPoint\",\"urlTemplate\":\"https:\\\/\\\/yul.ceo\\\/nl\\\/?s={search_term_string}\"},\"query-input\":{\"@type\":\"PropertyValueSpecification\",\"valueRequired\":true,\"valueName\":\"search_term_string\"}}],\"inLanguage\":\"nl-BE\"}]}<\/script>\n<!-- \/ Yoast SEO plugin. -->","yoast_head_json":{"title":"Algemene voorwaarden | Yul, Op maat coaching voor CEO's","description":"Lees de algemene voorwaarden van Yul om de richtlijnen voor het gebruik van onze \u00e9\u00e9n-op-\u00e9\u00e9n leiderschapscoachingdiensten te begrijpen.","robots":{"index":"index","follow":"follow","max-snippet":"max-snippet:-1","max-image-preview":"max-image-preview:large","max-video-preview":"max-video-preview:-1"},"canonical":"https:\/\/yul.ceo\/nl\/algemene-voorwaarden\/","og_locale":"nl_BE","og_type":"article","og_title":"Algemene voorwaarden | Yul, Op maat coaching voor CEO's","og_description":"Lees de algemene voorwaarden van Yul om de richtlijnen voor het gebruik van onze \u00e9\u00e9n-op-\u00e9\u00e9n leiderschapscoachingdiensten te begrijpen.","og_url":"https:\/\/yul.ceo\/nl\/algemene-voorwaarden\/","og_site_name":"Yul","article_modified_time":"2024-10-22T12:44:19+00:00","twitter_card":"summary_large_image","twitter_misc":{"Geschatte leestijd":"6 minuten"},"schema":{"@context":"https:\/\/schema.org","@graph":[{"@type":"WebPage","@id":"https:\/\/yul.ceo\/nl\/algemene-voorwaarden\/","url":"https:\/\/yul.ceo\/nl\/algemene-voorwaarden\/","name":"Algemene voorwaarden | Yul, Op maat coaching voor CEO's","isPartOf":{"@id":"https:\/\/yul.ceo\/nl\/#website"},"datePublished":"2024-09-23T13:49:30+00:00","dateModified":"2024-10-22T12:44:19+00:00","description":"Lees de algemene voorwaarden van Yul om de richtlijnen voor het gebruik van onze \u00e9\u00e9n-op-\u00e9\u00e9n leiderschapscoachingdiensten te begrijpen.","breadcrumb":{"@id":"https:\/\/yul.ceo\/nl\/algemene-voorwaarden\/#breadcrumb"},"inLanguage":"nl-BE","potentialAction":[{"@type":"ReadAction","target":["https:\/\/yul.ceo\/nl\/algemene-voorwaarden\/"]}]},{"@type":"BreadcrumbList","@id":"https:\/\/yul.ceo\/nl\/algemene-voorwaarden\/#breadcrumb","itemListElement":[{"@type":"ListItem","position":1,"name":"Home","item":"https:\/\/yul.ceo\/nl\/"},{"@type":"ListItem","position":2,"name":"Algemene voorwaarden"}]},{"@type":"WebSite","@id":"https:\/\/yul.ceo\/nl\/#website","url":"https:\/\/yul.ceo\/nl\/","name":"Yul","description":"Unlock Your Potential - Personalized Coaching &amp; Training","potentialAction":[{"@type":"SearchAction","target":{"@type":"EntryPoint","urlTemplate":"https:\/\/yul.ceo\/nl\/?s={search_term_string}"},"query-input":{"@type":"PropertyValueSpecification","valueRequired":true,"valueName":"search_term_string"}}],"inLanguage":"nl-BE"}]}},"_links":{"self":[{"href":"https:\/\/yul.ceo\/nl\/wp-json\/wp\/v2\/pages\/516","targetHints":{"allow":["GET"]}}],"collection":[{"href":"https:\/\/yul.ceo\/nl\/wp-json\/wp\/v2\/pages"}],"about":[{"href":"https:\/\/yul.ceo\/nl\/wp-json\/wp\/v2\/types\/page"}],"author":[{"embeddable":true,"href":"https:\/\/yul.ceo\/nl\/wp-json\/wp\/v2\/users\/4"}],"replies":[{"embeddable":true,"href":"https:\/\/yul.ceo\/nl\/wp-json\/wp\/v2\/comments?post=516"}],"version-history":[{"count":0,"href":"https:\/\/yul.ceo\/nl\/wp-json\/wp\/v2\/pages\/516\/revisions"}],"wp:attachment":[{"href":"https:\/\/yul.ceo\/nl\/wp-json\/wp\/v2\/media?parent=516"}],"curies":[{"name":"wp","href":"https:\/\/api.w.org\/{rel}","templated":true}]}}